{"id":2548,"date":"2022-03-06T04:40:19","date_gmt":"2022-03-06T04:40:19","guid":{"rendered":"http:\/\/www.companhiadolucriz.com\/contato\/"},"modified":"2025-02-03T15:25:25","modified_gmt":"2025-02-03T15:25:25","slug":"contato","status":"publish","type":"page","link":"https:\/\/www.companhiadolucriz.com\/pt-pt\/contato\/","title":{"rendered":"CONTATO"},"content":{"rendered":"\t\t<div data-elementor-type=\"wp-page\" data-elementor-id=\"2548\" class=\"elementor elementor-2548 elementor-827\">\n\t\t\t\t\t\t<section class=\"elementor-section elementor-top-section elementor-element elementor-element-d455169 elementor-section-full_width elementor-section-height-default elementor-section-height-default\" data-id=\"d455169\" data-element_type=\"section\" data-e-type=\"section\">\n\t\t\t\t\t\t<div class=\"elementor-container elementor-column-gap-no\">\n\t\t\t\t\t<div class=\"elementor-column elementor-col-100 elementor-top-column elementor-element elementor-element-d8ab735\" data-id=\"d8ab735\" data-element_type=\"column\" data-e-type=\"column\">\n\t\t\t<div class=\"elementor-widget-wrap elementor-element-populated\">\n\t\t\t\t\t\t<div class=\"elementor-element elementor-element-48983ee elementor-widget elementor-widget-cf7 bdevs-el cf7\" data-id=\"48983ee\" data-element_type=\"widget\" data-e-type=\"widget\" data-settings=\"{&quot;design_style&quot;:&quot;style_3&quot;}\" data-widget_type=\"cf7.default\">\n\t\t\t\t<div class=\"elementor-widget-container\">\n\t\t\t\t\t        \r\n\r\n            <div class=\"tp-contact-area\">\r\n                <div class=\"container\">\r\n                    <div class=\"row\">\r\n                        <div class=\"col-lg-10\">\r\n                            <div class=\"tp-section-wrap\">\r\n                                                                    <span><i class=\"flaticon-grass\"><\/i><\/span>\r\n                                                                                                    <h3 class=\"tp-section-title\">Se tiver alguma d\u00favida, n\u00e3o hesite em nos contactar.<\/h3>\r\n                                                            <\/div>\r\n                        <\/div>\r\n                    <\/div>\r\n                    <div class=\"row mt-40\">\r\n                        <div class=\"col-lg-4\">\r\n                            <div class=\"row custom-mar-20\">\r\n                                                                    <div class=\"col-lg-12 col-md-4 col-sm-6\">\r\n                                        <div class=\"tp-contact-info mb-40\">\r\n                                            <div class=\"tp-contact-info-icon\">\r\n                                                                                                    <i class=\"bdevs-btn-icon fal fa-map-marker-alt\" aria-hidden=\"true\"><\/i>                                                                                            <\/div>\r\n                                            <div class=\"tp-contact-info-text\">\r\n                                                <h4 class=\"tp-contact-info-title mb-15\">Endere\u00e7o<\/h4>\r\n                                                                                                    <p>Quinta do Lucriz, 6030-053 Vila Velha de R\u00f3d\u00e3o \u2013 Perais, Castelo Branco \u2013 Portugal<\/p>\r\n                                                \r\n                                                \r\n                                                                                            <\/div>\r\n                                        <\/div>\r\n                                    <\/div>\r\n                                                                    <div class=\"col-lg-12 col-md-4 col-sm-6\">\r\n                                        <div class=\"tp-contact-info mb-40\">\r\n                                            <div class=\"tp-contact-info-icon\">\r\n                                                                                                    <svg class=\"bdevs-btn-icon e-font-icon-svg e-fas-phone-alt\" aria-hidden=\"true\" viewBox=\"0 0 512 512\" xmlns=\"http:\/\/www.w3.org\/2000\/svg\"><path d=\"M497.39 361.8l-112-48a24 24 0 0 0-28 6.9l-49.6 60.6A370.66 370.66 0 0 1 130.6 204.11l60.6-49.6a23.94 23.94 0 0 0 6.9-28l-48-112A24.16 24.16 0 0 0 122.6.61l-104 24A24 24 0 0 0 0 48c0 256.5 207.9 464 464 464a24 24 0 0 0 23.4-18.6l24-104a24.29 24.29 0 0 0-14.01-27.6z\"><\/path><\/svg>                                                                                            <\/div>\r\n                                            <div class=\"tp-contact-info-text\">\r\n                                                <h4 class=\"tp-contact-info-title mb-15\">Telefone<\/h4>\r\n                                                \r\n                                                                                                    <p><a href=\"tel:\">+351 937310377<\/a>\r\n                                                        <br> <a href=\"tel:\"><\/a>\r\n                                                    <\/p>\r\n                                                \r\n                                                                                            <\/div>\r\n                                        <\/div>\r\n                                    <\/div>\r\n                                                                    <div class=\"col-lg-12 col-md-4 col-sm-6\">\r\n                                        <div class=\"tp-contact-info mb-40\">\r\n                                            <div class=\"tp-contact-info-icon\">\r\n                                                                                                    <svg class=\"bdevs-btn-icon e-font-icon-svg e-fas-phone-alt\" aria-hidden=\"true\" viewBox=\"0 0 512 512\" xmlns=\"http:\/\/www.w3.org\/2000\/svg\"><path d=\"M497.39 361.8l-112-48a24 24 0 0 0-28 6.9l-49.6 60.6A370.66 370.66 0 0 1 130.6 204.11l60.6-49.6a23.94 23.94 0 0 0 6.9-28l-48-112A24.16 24.16 0 0 0 122.6.61l-104 24A24 24 0 0 0 0 48c0 256.5 207.9 464 464 464a24 24 0 0 0 23.4-18.6l24-104a24.29 24.29 0 0 0-14.01-27.6z\"><\/path><\/svg>                                                                                            <\/div>\r\n                                            <div class=\"tp-contact-info-text\">\r\n                                                <h4 class=\"tp-contact-info-title mb-15\">Celular<\/h4>\r\n                                                \r\n                                                                                                    <p><a href=\"tel:\">+351 927070488<\/a>\r\n                                                        <br> <a href=\"tel:\"><\/a>\r\n                                                    <\/p>\r\n                                                \r\n                                                                                            <\/div>\r\n                                        <\/div>\r\n                                    <\/div>\r\n                                                                    <div class=\"col-lg-12 col-md-4 col-sm-6\">\r\n                                        <div class=\"tp-contact-info mb-40\">\r\n                                            <div class=\"tp-contact-info-icon\">\r\n                                                                                                    <svg class=\"bdevs-btn-icon e-font-icon-svg e-fas-envelope-open\" aria-hidden=\"true\" viewBox=\"0 0 512 512\" xmlns=\"http:\/\/www.w3.org\/2000\/svg\"><path d=\"M512 464c0 26.51-21.49 48-48 48H48c-26.51 0-48-21.49-48-48V200.724a48 48 0 0 1 18.387-37.776c24.913-19.529 45.501-35.365 164.2-121.511C199.412 29.17 232.797-.347 256 .003c23.198-.354 56.596 29.172 73.413 41.433 118.687 86.137 139.303 101.995 164.2 121.512A48 48 0 0 1 512 200.724V464zm-65.666-196.605c-2.563-3.728-7.7-4.595-11.339-1.907-22.845 16.873-55.462 40.705-105.582 77.079-16.825 12.266-50.21 41.781-73.413 41.43-23.211.344-56.559-29.143-73.413-41.43-50.114-36.37-82.734-60.204-105.582-77.079-3.639-2.688-8.776-1.821-11.339 1.907l-9.072 13.196a7.998 7.998 0 0 0 1.839 10.967c22.887 16.899 55.454 40.69 105.303 76.868 20.274 14.781 56.524 47.813 92.264 47.573 35.724.242 71.961-32.771 92.263-47.573 49.85-36.179 82.418-59.97 105.303-76.868a7.998 7.998 0 0 0 1.839-10.967l-9.071-13.196z\"><\/path><\/svg>                                                                                            <\/div>\r\n                                            <div class=\"tp-contact-info-text\">\r\n                                                <h4 class=\"tp-contact-info-title mb-15\">Email<\/h4>\r\n                                                \r\n                                                \r\n                                                                                                    <p><a href=\"mailto:\">contact@companhiadolucriz.com<\/a>\r\n                                                        <br> <a href=\"mailto:\"><\/a>\r\n                                                    <\/p>\r\n                                                                                            <\/div>\r\n                                        <\/div>\r\n                                    <\/div>\r\n                                                                    <div class=\"col-lg-12 col-md-4 col-sm-6\">\r\n                                        <div class=\"tp-contact-info mb-40\">\r\n                                            <div class=\"tp-contact-info-icon\">\r\n                                                                                                    <svg class=\"bdevs-btn-icon e-font-icon-svg e-fas-building\" aria-hidden=\"true\" viewBox=\"0 0 448 512\" xmlns=\"http:\/\/www.w3.org\/2000\/svg\"><path d=\"M436 480h-20V24c0-13.255-10.745-24-24-24H56C42.745 0 32 10.745 32 24v456H12c-6.627 0-12 5.373-12 12v20h448v-20c0-6.627-5.373-12-12-12zM128 76c0-6.627 5.373-12 12-12h40c6.627 0 12 5.373 12 12v40c0 6.627-5.373 12-12 12h-40c-6.627 0-12-5.373-12-12V76zm0 96c0-6.627 5.373-12 12-12h40c6.627 0 12 5.373 12 12v40c0 6.627-5.373 12-12 12h-40c-6.627 0-12-5.373-12-12v-40zm52 148h-40c-6.627 0-12-5.373-12-12v-40c0-6.627 5.373-12 12-12h40c6.627 0 12 5.373 12 12v40c0 6.627-5.373 12-12 12zm76 160h-64v-84c0-6.627 5.373-12 12-12h40c6.627 0 12 5.373 12 12v84zm64-172c0 6.627-5.373 12-12 12h-40c-6.627 0-12-5.373-12-12v-40c0-6.627 5.373-12 12-12h40c6.627 0 12 5.373 12 12v40zm0-96c0 6.627-5.373 12-12 12h-40c-6.627 0-12-5.373-12-12v-40c0-6.627 5.373-12 12-12h40c6.627 0 12 5.373 12 12v40zm0-96c0 6.627-5.373 12-12 12h-40c-6.627 0-12-5.373-12-12V76c0-6.627 5.373-12 12-12h40c6.627 0 12 5.373 12 12v40z\"><\/path><\/svg>                                                                                            <\/div>\r\n                                            <div class=\"tp-contact-info-text\">\r\n                                                <h4 class=\"tp-contact-info-title mb-15\">Departamento Comercial<\/h4>\r\n                                                                                                    <p>Ms Cristina Domingues cristina.domingues@atamanfarm.com <br \/> +351 937 678 070<\/p>\r\n                                                \r\n                                                \r\n                                                                                            <\/div>\r\n                                        <\/div>\r\n                                    <\/div>\r\n                                                            <\/div>\r\n                        <\/div>\r\n                        <div class=\"col-lg-8\">\r\n                            <div class=\"tp-contact-form\">\r\n                                \n<div class=\"wpcf7 no-js\" id=\"wpcf7-f2816-o1\" lang=\"pt-PT\" dir=\"ltr\" data-wpcf7-id=\"2816\">\n<div class=\"screen-reader-response\"><p role=\"status\" aria-live=\"polite\" aria-atomic=\"true\"><\/p> <ul><\/ul><\/div>\n<form action=\"\/pt-pt\/wp-json\/wp\/v2\/pages\/2548#wpcf7-f2816-o1\" method=\"post\" class=\"wpcf7-form init bdevs-cf7-form\" aria-label=\"Formul\u00e1rio de contacto\" novalidate=\"novalidate\" data-status=\"init\">\n<fieldset class=\"hidden-fields-container\"><input type=\"hidden\" name=\"_wpcf7\" value=\"2816\" \/><input type=\"hidden\" name=\"_wpcf7_version\" value=\"6.1.5\" \/><input type=\"hidden\" name=\"_wpcf7_locale\" value=\"pt_PT\" \/><input type=\"hidden\" name=\"_wpcf7_unit_tag\" value=\"wpcf7-f2816-o1\" \/><input type=\"hidden\" name=\"_wpcf7_container_post\" value=\"0\" \/><input type=\"hidden\" name=\"_wpcf7_posted_data_hash\" value=\"\" \/>\n<\/fieldset>\n<div class=\"row custom-mar-20\">\n\t<div class=\"col-md-6 custom-pad-20\">\n\t\t<div class=\"tp-contact-form-field mb-20\">\n\t\t\t<p><span class=\"wpcf7-form-control-wrap\" data-name=\"name\"><input size=\"40\" maxlength=\"400\" class=\"wpcf7-form-control wpcf7-text\" aria-invalid=\"false\" placeholder=\"Nome Completo\" value=\"\" type=\"text\" name=\"name\" \/><\/span>\n\t\t\t<\/p>\n\t\t<\/div>\n\t<\/div>\n\t<div class=\"col-md-6 custom-pad-20\">\n\t\t<div class=\"tp-contact-form-field mb-20\">\n\t\t\t<p><span class=\"wpcf7-form-control-wrap\" data-name=\"email\"><input size=\"40\" maxlength=\"400\" class=\"wpcf7-form-control wpcf7-email wpcf7-text wpcf7-validates-as-email\" aria-invalid=\"false\" placeholder=\"Endere\u00e7o de E-mail\" value=\"\" type=\"email\" name=\"email\" \/><\/span>\n\t\t\t<\/p>\n\t\t<\/div>\n\t<\/div>\n\t<div class=\"col-md-6 custom-pad-20\">\n\t\t<div class=\"tp-contact-form-field mb-20\">\n\t\t\t<p><span class=\"wpcf7-form-control-wrap\" data-name=\"phone\"><input size=\"40\" maxlength=\"400\" class=\"wpcf7-form-control wpcf7-text\" aria-invalid=\"false\" placeholder=\"Telefone\" value=\"\" type=\"text\" name=\"phone\" \/><\/span>\n\t\t\t<\/p>\n\t\t<\/div>\n\t<\/div>\n\t<div class=\"col-md-12 custom-pad-20\">\n\t\t<div class=\"tp-contact-form-field mb-20\">\n\t\t\t<p><span class=\"wpcf7-form-control-wrap\" data-name=\"message\"><textarea cols=\"40\" rows=\"10\" maxlength=\"2000\" class=\"wpcf7-form-control wpcf7-textarea\" aria-invalid=\"false\" placeholder=\"Sua mensagem\" name=\"message\"><\/textarea><\/span>\n\t\t\t<\/p>\n\t\t<\/div>\n\t<\/div>\n\t<div class=\"col-md-12 custom-pad-20\">\n\t\t<div class=\"tp-contact-form-field\">\n\t\t\t<p><button type=\"submit\" class=\"read-btn sumit-btn\"><i class=\"flaticon-enter\"><\/i>Enviar mensagem<\/button>\n\t\t\t<\/p>\n\t\t<\/div>\n\t<\/div>\n<\/div><p style=\"display: none !important;\" class=\"akismet-fields-container\" data-prefix=\"_wpcf7_ak_\"><label>&#916;<textarea name=\"_wpcf7_ak_hp_textarea\" cols=\"45\" rows=\"8\" maxlength=\"100\"><\/textarea><\/label><input type=\"hidden\" id=\"ak_js_1\" name=\"_wpcf7_ak_js\" value=\"142\"\/><script type=\"text\/javascript\">\n\/* <![CDATA[ *\/\ndocument.getElementById( \"ak_js_1\" ).setAttribute( \"value\", ( new Date() ).getTime() );\n\/* ]]> *\/\n<\/script>\n<\/p><div class=\"wpcf7-response-output\" aria-hidden=\"true\"><\/div>\n<\/form>\n<\/div>\n                            <\/div>\r\n                        <\/div>\r\n                    <\/div>\r\n                <\/div>\r\n            <\/div>\r\n\r\n\r\n        \r\n\r\n\t\t\t\t<\/div>\n\t\t\t\t<\/div>\n\t\t\t\t\t<\/div>\n\t\t<\/div>\n\t\t\t\t\t<\/div>\n\t\t<\/section>\n\t\t\t\t<section class=\"elementor-section elementor-top-section elementor-element elementor-element-0a2f1a5 elementor-section-boxed elementor-section-height-default elementor-section-height-default\" data-id=\"0a2f1a5\" data-element_type=\"section\" data-e-type=\"section\">\n\t\t\t\t\t\t<div class=\"elementor-container elementor-column-gap-no\">\n\t\t\t\t\t<div class=\"elementor-column elementor-col-100 elementor-top-column elementor-element elementor-element-6a7adc7\" data-id=\"6a7adc7\" data-element_type=\"column\" data-e-type=\"column\">\n\t\t\t<div class=\"elementor-widget-wrap elementor-element-populated\">\n\t\t\t\t\t\t<div class=\"elementor-element elementor-element-bff5d38 elementor-widget elementor-widget-text-editor\" data-id=\"bff5d38\" data-element_type=\"widget\" data-e-type=\"widget\" data-widget_type=\"text-editor.default\">\n\t\t\t\t<div class=\"elementor-widget-container\">\n\t\t\t\t\t\t\t\t\t<h4><strong>Encontra-nos aqui: <br \/><a href=\"https:\/\/g.co\/kgs\/bpex555\">https:\/\/g.co\/kgs\/bpex555<\/a><br \/><\/strong><\/h4>\n\t\t\t\t\t\t\t\t<\/div>\n\t\t\t\t<\/div>\n\t\t\t\t<div class=\"elementor-element elementor-element-8c6883c elementor-widget elementor-widget-google_maps\" data-id=\"8c6883c\" data-element_type=\"widget\" data-e-type=\"widget\" data-widget_type=\"google_maps.default\">\n\t\t\t\t<div class=\"elementor-widget-container\">\n\t\t\t\t\t\t\t<div class=\"elementor-custom-embed\">\n\t\t\t<iframe loading=\"lazy\"\n\t\t\t\t\tsrc=\"https:\/\/maps.google.com\/maps?q=Quinta%20do%20Lucriz%2C%206030-053%20Vila%20Velha%20de%20R%C3%B3d%C3%A3o%20%E2%80%93%20Perais%2C%20Castelo%20Branco%20%E2%80%93%20Portugal&#038;t=m&#038;z=10&#038;output=embed&#038;iwloc=near\"\n\t\t\t\t\ttitle=\"Quinta do Lucriz, 6030-053 Vila Velha de R\u00f3d\u00e3o \u2013 Perais, Castelo Branco \u2013 Portugal\"\n\t\t\t\t\taria-label=\"Quinta do Lucriz, 6030-053 Vila Velha de R\u00f3d\u00e3o \u2013 Perais, Castelo Branco \u2013 Portugal\"\n\t\t\t><\/iframe>\n\t\t<\/div>\n\t\t\t\t\t\t<\/div>\n\t\t\t\t<\/div>\n\t\t\t\t\t<\/div>\n\t\t<\/div>\n\t\t\t\t\t<\/div>\n\t\t<\/section>\n\t\t\t\t<\/div>\n\t\t","protected":false},"excerpt":{"rendered":"<p>Se tiver alguma d\u00favida, n\u00e3o hesite em nos contactar. Endere\u00e7o Quinta do Lucriz, 6030-053 Vila Velha de R\u00f3d\u00e3o \u2013 Perais, Castelo Branco \u2013 Portugal Telefone +351 937310377 Celular +351 927070488 Email contact@companhiadolucriz.com Departamento Comercial Ms Cristina Domingues cristina.domingues@atamanfarm.com +351 937 678 070 Send Message &#916; Encontra-nos aqui: https:\/\/g.co\/kgs\/bpex555<\/p>\n","protected":false},"author":1,"featured_media":0,"parent":0,"menu_order":0,"comment_status":"closed","ping_status":"closed","template":"elementor_header_footer","meta":{"_acf_changed":false,"footnotes":""},"class_list":["post-2548","page","type-page","status-publish","hentry"],"acf":[],"_links":{"self":[{"href":"https:\/\/www.companhiadolucriz.com\/pt-pt\/wp-json\/wp\/v2\/pages\/2548","targetHints":{"allow":["GET"]}}],"collection":[{"href":"https:\/\/www.companhiadolucriz.com\/pt-pt\/wp-json\/wp\/v2\/pages"}],"about":[{"href":"https:\/\/www.companhiadolucriz.com\/pt-pt\/wp-json\/wp\/v2\/types\/page"}],"author":[{"embeddable":true,"href":"https:\/\/www.companhiadolucriz.com\/pt-pt\/wp-json\/wp\/v2\/users\/1"}],"replies":[{"embeddable":true,"href":"https:\/\/www.companhiadolucriz.com\/pt-pt\/wp-json\/wp\/v2\/comments?post=2548"}],"version-history":[{"count":22,"href":"https:\/\/www.companhiadolucriz.com\/pt-pt\/wp-json\/wp\/v2\/pages\/2548\/revisions"}],"predecessor-version":[{"id":2996,"href":"https:\/\/www.companhiadolucriz.com\/pt-pt\/wp-json\/wp\/v2\/pages\/2548\/revisions\/2996"}],"wp:attachment":[{"href":"https:\/\/www.companhiadolucriz.com\/pt-pt\/wp-json\/wp\/v2\/media?parent=2548"}],"curies":[{"name":"wp","href":"https:\/\/api.w.org\/{rel}","templated":true}]}}